{"id":699,"date":"2023-08-15T15:13:46","date_gmt":"2023-08-15T15:13:46","guid":{"rendered":"https:\/\/staging.langhard.net\/?page_id=699"},"modified":"2023-08-15T15:26:06","modified_gmt":"2023-08-15T15:26:06","slug":"colibri-699","status":"publish","type":"page","link":"https:\/\/langhard.net\/?page_id=699","title":{"rendered":"Smarting"},"content":{"rendered":"<div data-colibri-id=\"699-c1\" class=\"style-414 style-local-699-c1 position-relative\">\n  <!---->\n  <div data-colibri-component=\"section\" data-colibri-id=\"699-c2\" id=\"about\" class=\"h-section h-section-global-spacing d-flex align-items-lg-center align-items-md-center align-items-center style-415 style-local-699-c2 position-relative\">\n    <!---->\n    <!---->\n    <div class=\"h-section-grid-container h-section-boxed-container\">\n      <!---->\n      <div data-colibri-id=\"699-c3\" class=\"h-row-container gutters-row-lg-2 gutters-row-md-2 gutters-row-2 gutters-row-v-lg-2 gutters-row-v-md-2 gutters-row-v-2 style-416 style-local-699-c3 position-relative\">\n        <!---->\n        <div class=\"h-row justify-content-lg-center justify-content-md-center justify-content-center align-items-lg-stretch align-items-md-stretch align-items-stretch gutters-col-lg-2 gutters-col-md-2 gutters-col-2 gutters-col-v-lg-2 gutters-col-v-md-2 gutters-col-v-2\">\n          <!---->\n          <div class=\"h-column h-column-container d-flex h-col-lg-auto h-col-md-auto h-col-auto style-417-outer style-local-699-c4-outer\">\n            <div data-colibri-id=\"699-c4\" class=\"d-flex h-flex-basis h-column__inner h-px-lg-2 h-px-md-2 h-px-2 v-inner-lg-2 v-inner-md-2 v-inner-2 style-417 style-local-699-c4 position-relative\">\n              <!---->\n              <!---->\n              <div class=\"w-100 h-y-container h-column__content h-column__v-align flex-basis-100 align-self-lg-center align-self-md-center align-self-center\">\n                <!---->\n                <div data-colibri-id=\"699-c5\" class=\"h-global-transition-all h-heading style-418 style-local-699-c5 position-relative h-element\">\n                  <!---->\n                  <div class=\"h-heading__outer style-418 style-local-699-c5\">\n                    <!---->\n                    <!---->\n                    <h3 class=\"\">Din information ska skyddas mot f\u00f6rlust, st\u00f6ld och f\u00f6rvanskning!<\/h3>\n                  <\/div>\n                <\/div>\n                <div data-colibri-id=\"699-c6\" class=\"h-text h-text-component style-420 style-local-699-c6 position-relative h-element\">\n                  <!---->\n                  <!---->\n                  <div class=\"\">\n                    <p>Dokument, bilder, bokf\u00f6ring, ritningar med mera, det vill s\u00e4ga, all din digitala information ska du s\u00e4kra upp och se till att du inte f\u00f6rlorar informationen, att ingen stj\u00e4l informationen och att den inte blir f\u00f6rvanskad.<\/p>\n                    <p>\n                      <br>\n                    <\/p>\n                  <\/div>\n                <\/div>\n              <\/div>\n            <\/div>\n          <\/div>\n          <div class=\"h-column h-column-container d-flex h-col-lg-auto h-col-md-auto h-col-auto style-423-outer style-local-699-c7-outer\">\n            <div data-colibri-id=\"699-c7\" class=\"d-flex h-flex-basis h-column__inner h-px-lg-2 h-px-md-2 h-px-2 v-inner-lg-2 v-inner-md-2 v-inner-2 style-423 style-local-699-c7 position-relative\">\n              <!---->\n              <!---->\n              <div class=\"w-100 h-y-container h-column__content h-column__v-align flex-basis-100 align-self-lg-center align-self-md-center align-self-center\">\n                <!---->\n                <div data-colibri-id=\"699-c8\" class=\"h-row-container gutters-row-lg-0 gutters-row-md-0 gutters-row-0 gutters-row-v-lg-0 gutters-row-v-md-0 gutters-row-v-0 style-424 style-local-699-c8 position-relative\">\n                  <!---->\n                  <div class=\"h-row justify-content-lg-start justify-content-md-start justify-content-start align-items-lg-stretch align-items-md-stretch align-items-stretch gutters-col-lg-0 gutters-col-md-0 gutters-col-0 gutters-col-v-lg-0 gutters-col-v-md-0 gutters-col-v-0\">\n                    <!---->\n                    <div class=\"h-column h-column-container d-flex h-col-lg-auto h-col-md-auto h-col-auto style-425-outer style-local-699-c9-outer\">\n                      <div data-colibri-id=\"699-c9\" class=\"d-flex h-flex-basis h-column__inner h-px-lg-3 h-px-md-3 h-px-3 v-inner-lg-3 v-inner-md-3 v-inner-3 style-425 style-local-699-c9 position-relative\">\n                        <!---->\n                        <!---->\n                        <div class=\"w-100 h-y-container h-column__content h-column__v-align flex-basis-100 align-self-lg-center align-self-md-center align-self-center\">\n                          <!---->\n                          <div data-colibri-id=\"699-c10\" class=\"h-global-transition-all h-heading style-426 style-local-699-c10 position-relative h-element\">\n                            <!---->\n                            <div class=\"h-heading__outer style-426 style-local-699-c10\">\n                              <!---->\n                              <!---->\n                              <h3 class=\"\">Smarting.se<\/h3>\n                            <\/div>\n                          <\/div>\n                          <div data-colibri-id=\"699-c11\" class=\"h-global-transition-all h-heading style-427 style-local-699-c11 position-relative h-element\">\n                            <!---->\n                            <div class=\"h-heading__outer style-427 style-local-699-c11\">\n                              <!---->\n                              <!---->\n                              <h5 class=\"\">S\u00e4kerhet<\/h5>\n                            <\/div>\n                          <\/div>\n                          <div data-colibri-id=\"699-c12\" class=\"h-text h-text-component style-428 style-local-699-c12 position-relative h-element\">\n                            <!---->\n                            <!---->\n                            <div class=\"\">\n                              <p>Klicka dig vidare f\u00f6r att l\u00e4sa mer om v\u00e5rt s\u00e4kerhetssammarbete.\n                                <br>\n                              <\/p>\n                              <p>\n                                <br>\n                              <\/p>\n                            <\/div>\n                          <\/div>\n                          <div data-colibri-id=\"699-c13\" class=\"style-429 style-local-699-c13 position-relative h-element\">\n                            <!---->\n                          <\/div>\n                          <div data-colibri-id=\"699-c14\" class=\"h-x-container style-430 style-local-699-c14 position-relative h-element\">\n                            <!---->\n                            <div class=\"h-x-container-inner style-dynamic-699-c14-group style-430-spacing style-local-699-c14-spacing\"><span class=\"h-link__outer style-431-outer style-local-699-c15-outer d-inline-flex h-element\"><a h-use-smooth-scroll=\"true\" href=\"https:\/\/smarting.se\/\"  data-colibri-id=\"699-c15\" class=\"d-flex w-100 align-items-center h-link style-431 style-local-699-c15 position-relative\"><!----><!----> <span>L\u00e4s mer<\/span>                              <span class=\"h-svg-icon h-link__icon style-431-icon style-local-699-c15-icon\"><!--Icon by Icons8 Line Awesome (https:\/\/icons8.com\/line-awesome)--><svg version=\"1.1\" xmlns=\"http:\/\/www.w3.org\/2000\/svg\" xmlns:xlink=\"http:\/\/www.w3.org\/1999\/xlink\" id=\"angle-double-right\" viewBox=\"0 0 512 545.5\"><path d=\"M145.5 108.5l168 168L325 288l-11.5 11.5-168 168-22.5-23L279.5 288 123 131.5zm112 0l168 168L437 288l-11.5 11.5-168 168-22.5-23L391.5 288 235 131.5z\"><\/path><\/svg><\/span><\/a>\n                              <\/span>\n                            <\/div>\n                          <\/div>\n                        <\/div>\n                      <\/div>\n                    <\/div>\n                  <\/div>\n                <\/div>\n                <div data-colibri-id=\"699-c16\" class=\"h-multiple-image style-432 style-local-699-c16 position-relative h-element\">\n                  <!---->\n                  <div class=\"position-relative\">\n                    <div class=\"h-multiple-image-inside-container\">\n                      <div class=\"ratio-inner\">\n                        <div data-colibri-id=\"699-c17\" class=\"d-block style-433 style-local-699-c17 position-relative h-element\">\n                          <!---->\n                          <div class=\"h-image__frame-container-outer\">\n                            <div class=\"h-image__frame-container\">\n                              <!---->\n                              <!---->\n                              <img loading=\"lazy\" decoding=\"async\" width=\"1246\" height=\"1244\" src=\"https:\/\/staging.langhard.net\/wp-content\/uploads\/2023\/08\/cropped-smarting_robohand.jpg\" class=\"style-432-images style-local-699-c16-images wp-image-703 style-433-image style-local-699-c17-image\" alt=\"\" srcset=\"https:\/\/langhard.net\/wp-content\/uploads\/2023\/08\/cropped-smarting_robohand.jpg 1246w, https:\/\/langhard.net\/wp-content\/uploads\/2023\/08\/cropped-smarting_robohand-300x300.jpg 300w, https:\/\/langhard.net\/wp-content\/uploads\/2023\/08\/cropped-smarting_robohand-1024x1022.jpg 1024w, https:\/\/langhard.net\/wp-content\/uploads\/2023\/08\/cropped-smarting_robohand-150x150.jpg 150w, https:\/\/langhard.net\/wp-content\/uploads\/2023\/08\/cropped-smarting_robohand-768x767.jpg 768w\" sizes=\"auto, (max-width: 1246px) 100vw, 1246px\" \/>\n                              <div class=\"h-image__frame h-hide-lg h-hide-md h-hide-sm style-433-frameImage style-local-699-c17-frameImage\"><\/div>\n                            <\/div>\n                          <\/div>\n                        <\/div>\n                        <div data-colibri-id=\"699-c18\" class=\"d-block style-434 style-local-699-c18 position-relative h-element\">\n                          <!---->\n                          <div class=\"h-image__frame-container-outer\">\n                            <div class=\"h-image__frame-container\">\n                              <!---->\n                              <!---->\n                              <img loading=\"lazy\" decoding=\"async\" width=\"1425\" height=\"1277\" src=\"https:\/\/staging.langhard.net\/wp-content\/uploads\/2023\/08\/cropped-padlock-428549_1920.jpg\" class=\"style-432-images style-local-699-c16-images wp-image-705 style-434-image style-local-699-c18-image\" alt=\"\" srcset=\"https:\/\/langhard.net\/wp-content\/uploads\/2023\/08\/cropped-padlock-428549_1920.jpg 1425w, https:\/\/langhard.net\/wp-content\/uploads\/2023\/08\/cropped-padlock-428549_1920-300x269.jpg 300w, https:\/\/langhard.net\/wp-content\/uploads\/2023\/08\/cropped-padlock-428549_1920-1024x918.jpg 1024w, https:\/\/langhard.net\/wp-content\/uploads\/2023\/08\/cropped-padlock-428549_1920-768x688.jpg 768w\" sizes=\"auto, (max-width: 1425px) 100vw, 1425px\" \/>\n                              <div class=\"h-image__frame h-hide-lg h-hide-md h-hide-sm style-434-frameImage style-local-699-c18-frameImage\"><\/div>\n                            <\/div>\n                          <\/div>\n                        <\/div>\n                      <\/div>\n                    <\/div>\n                  <\/div>\n                <\/div>\n              <\/div>\n            <\/div>\n          <\/div>\n        <\/div>\n      <\/div>\n    <\/div>\n  <\/div>\n<\/div>","protected":false},"excerpt":{"rendered":"<p>Din information ska skyddas mot f\u00f6rlust, st\u00f6ld och f\u00f6rvanskning! Dokument, bilder, bokf\u00f6ring, ritningar med mera, det vill s\u00e4ga, all din digitala information ska du s\u00e4kra upp och se till att du inte f\u00f6rlorar informationen, att ingen stj\u00e4l informationen och att den inte blir f\u00f6rvanskad. Smarting.se S\u00e4kerhet Klicka dig vidare f\u00f6r att l\u00e4sa mer om v\u00e5rt [&hellip;]<\/p>\n","protected":false},"author":2,"featured_media":0,"parent":0,"menu_order":0,"comment_status":"closed","ping_status":"closed","template":"page-templates\/full-width-page.php","meta":{"footnotes":""},"class_list":["post-699","page","type-page","status-publish","hentry"],"_links":{"self":[{"href":"https:\/\/langhard.net\/index.php?rest_route=\/wp\/v2\/pages\/699","targetHints":{"allow":["GET"]}}],"collection":[{"href":"https:\/\/langhard.net\/index.php?rest_route=\/wp\/v2\/pages"}],"about":[{"href":"https:\/\/langhard.net\/index.php?rest_route=\/wp\/v2\/types\/page"}],"author":[{"embeddable":true,"href":"https:\/\/langhard.net\/index.php?rest_route=\/wp\/v2\/users\/2"}],"replies":[{"embeddable":true,"href":"https:\/\/langhard.net\/index.php?rest_route=%2Fwp%2Fv2%2Fcomments&post=699"}],"version-history":[{"count":4,"href":"https:\/\/langhard.net\/index.php?rest_route=\/wp\/v2\/pages\/699\/revisions"}],"predecessor-version":[{"id":716,"href":"https:\/\/langhard.net\/index.php?rest_route=\/wp\/v2\/pages\/699\/revisions\/716"}],"wp:attachment":[{"href":"https:\/\/langhard.net\/index.php?rest_route=%2Fwp%2Fv2%2Fmedia&parent=699"}],"curies":[{"name":"wp","href":"https:\/\/api.w.org\/{rel}","templated":true}]}}