{"id":157,"date":"2017-10-25T13:12:45","date_gmt":"2017-10-25T13:12:45","guid":{"rendered":"https:\/\/langhard.net\/?page_id=157"},"modified":"2018-02-07T06:44:50","modified_gmt":"2018-02-07T06:44:50","slug":"siteuseterms","status":"publish","type":"page","link":"https:\/\/langhard.net\/?page_id=157","title":{"rendered":"SiteUseTerms"},"content":{"rendered":"<h3>Dataskyddsf\u00f6rklaring<\/h3>\n<p>Vi gl\u00e4der oss \u00e5t att du bes\u00f6ker v\u00e5r webbsida och tackar f\u00f6r ditt intresse i v\u00e5rt f\u00f6retag och v\u00e5ra produkter. Det \u00e4r viktigt f\u00f6r oss att skydda din privatsf\u00e4r n\u00e4r du anv\u00e4nder v\u00e5r webbsida. D\u00e4rf\u00f6r ber vi dig ta del av nedanst\u00e5ende information:<\/p>\n<h4>1) Insamling, bearbetning och anv\u00e4ndning av persondata<\/h4>\n<p>I princip kan du g\u00e5 in p\u00e5 v\u00e5r webbsida utan att vi samlar in dina persondata. Persondata samlas endast in om du meddelar oss dessa i samband med genomf\u00f6rande av ett avtal, vid \u00f6ppnande av ett kundkonto eller n\u00e4r du tar kontakt med oss. Dessa data anv\u00e4nds, s\u00e5vida inte annat uttryckligen \u00f6verenskommits, enbart f\u00f6r att genomf\u00f6ra avtalet eller vid bearbetning av din f\u00f6rfr\u00e5gan. Efter det att avtalet har slutf\u00f6rts, sp\u00e4rras dina data med h\u00e4nsyn till de skatte- och handelsr\u00e4ttsliga arkiveringsfristerna. D\u00e4refter raderas de.<\/p>\n<h4>2) Vidaref\u00f6ring av persondata<\/h4>\n<p>Den av oss insamlade persondatan l\u00e4mnas, i samband med avtalshandl\u00e4ggningen, vidare till det transportf\u00f6retag som ska genomf\u00f6ra leveransen s\u00e5vida det \u00e4r n\u00f6dv\u00e4ndigt f\u00f6r leverans av varan.<\/p>\n<h4>3) Cookies<\/h4>\n<p>Denna webbsida anv\u00e4nder s\u00e5 kallade \u201dCookies\u201d. Dessa g\u00f6r v\u00e5r internetn\u00e4rvaro totalt sett anv\u00e4ndarv\u00e4nligare, effektivare och s\u00e4krare t.ex. n\u00e4r det g\u00e4ller att snabba upp navigering p\u00e5 v\u00e5r webbsida. Dessutom till\u00e5ter cookies oss att m\u00e4ta den allm\u00e4nna navigationen och antalet bes\u00f6k p\u00e5 sidan. Cookies best\u00e5r av sm\u00e5 textfiler som placeras i din dator. Vi vill g\u00f6ra dig uppm\u00e4rksam p\u00e5 att n\u00e5gra av dessa cookies \u00f6verf\u00f6rs av v\u00e5r server till din dator. H\u00e4r handlar det mest om s\u00e5 kallade \u201dsession-cookies\u201d. \u201dSession-cookies\u201d k\u00e4nnetecknas av att de raderas automatiskt fr\u00e5n din h\u00e5rddisk n\u00e4r sessionen \u00e4r avslutad. Andra cookies stannar kvar p\u00e5 din dator och g\u00f6r det m\u00f6jligt f\u00f6r oss att k\u00e4nna igen din dator n\u00e4sta g\u00e5ng du bes\u00f6ker v\u00e5r webbsida (s\u00e5 kallade permanenta cookies).<br \/>\nSj\u00e4lvfallet kan du n\u00e4r som helst blockera cookies om din webbl\u00e4sare till\u00e5ter detta. Men t\u00e4nk p\u00e5 att vissa funktioner p\u00e5 webbsidan m\u00f6jligtvis inte, eller enbart till viss del, kan anv\u00e4ndas om din webbl\u00e4sare \u00e4r inst\u00e4lld p\u00e5 att inte acceptera cookies (fr\u00e5n v\u00e5r webbsida).<\/p>\n<h4>4) Anv\u00e4ndande av Google Analytics<\/h4>\n<p>Denna webbsida anv\u00e4nder sig av Google Analytics, en webbanalystj\u00e4nst som tillhandah\u00e5lls av Google Inc (\u201dGoogle\u201d). Google Analytics anv\u00e4nder s\u00e5 kallade cookies, textfiler, som lagras p\u00e5 din dator och som m\u00f6jligg\u00f6r en analys av din anv\u00e4ndning av webbsidan. Den genom cookies insamlade informationen om din anv\u00e4ndning av denna webbsida \u00f6verf\u00f6rs oftast till en server hos Google i USA och lagras d\u00e4r.<br \/>\nVid aktivering av IP-anonymiseringen p\u00e5 denna webbsida, kortas dock din IP-adress ner av Google innan dess. Detta g\u00e4ller i EU:s medlemsl\u00e4nder och andra stater som \u00e4r knutna till EES. Endast i undantagsfall \u00f6verf\u00f6rs hela IP-adressen till Googles server i USA d\u00e4r den sedan kortas ner. P\u00e5 uppdrag av denna webbsidas \u00e4gare, kommer Google att anv\u00e4nda denna information f\u00f6r att utv\u00e4rdera ditt bruk av webbsidan, f\u00f6r att sammanst\u00e4lla rapporter \u00f6ver webbsideaktiviteten och f\u00f6r att erbjuda webbsidans \u00e4gare ytterligare tj\u00e4nster n\u00e4r det g\u00e4ller webbsides- och internetanv\u00e4ndning.<br \/>\nGoogle kombinerar inte den inom ramen f\u00f6r Google Analytics av din webbl\u00e4sare \u00f6verf\u00f6rda IP-adressen med andra data. Du kan f\u00f6rhindra lagringen av cookies genom en motsvarande inst\u00e4llning i din webbl\u00e4sare; vi g\u00f6r dig dock uppm\u00e4rksam p\u00e5 att du d\u00e5 eventuellt inte kommer att kunna anv\u00e4nda dig av samtliga funktioner p\u00e5 denna webbsida fullt ut. D\u00e4rut\u00f6ver kan du f\u00f6rhindra att Google samlar in de uppgifter som genereras av en cookie g\u00e4llande din anv\u00e4ndning av webbsidan (inkl. din IP-adress) och \u00e4ven Googles bearbetning av dessa data, genom att ladda ner och installera f\u00f6ljande webbl\u00e4sarplugin: http:\/\/tools.google.com\/dlpage\/gaoptout?hl=de<br \/>\nVi h\u00e4nvisar till att denna webbsida anv\u00e4nder Google Analytics med till\u00e4gget \u201d_anonymizelp()\u201d vilket inneb\u00e4r att IP-adresser enbart bearbetas i f\u00f6rkortad form f\u00f6r att utesluta att information h\u00e4rleds till en viss person.<\/p>\n<p>5) Dina r\u00e4ttigheter och din kontaktm\u00f6jlighet<\/p>\n<p>Du har r\u00e4tt till kostnadsfri information om dina lagrade data liksom i f\u00f6rekommande fall r\u00e4tt till korrigering, sp\u00e4rrning eller radering av dessa data. Om du har fr\u00e5gor g\u00e4llande insamling, bearbetning eller anv\u00e4ndning av dina personliga data, vid information, r\u00e4ttelse, sp\u00e4rrning eller radering av data liksom vid \u00e5terkallande av i f\u00f6rekommande fall l\u00e4mnat samtycke, v\u00e4nd dig d\u00e5 direkt till oss. V\u00e5r kontaktadress finns i v\u00e5rt impressum.<\/p>\n","protected":false},"excerpt":{"rendered":"<p>Dataskyddsf\u00f6rklaring Vi gl\u00e4der oss \u00e5t att du bes\u00f6ker v\u00e5r webbsida och tackar f\u00f6r ditt intresse i v\u00e5rt f\u00f6retag och v\u00e5ra produkter. Det \u00e4r viktigt f\u00f6r oss att skydda din privatsf\u00e4r n\u00e4r du anv\u00e4nder v\u00e5r webbsida. D\u00e4rf\u00f6r ber vi dig ta del av nedanst\u00e5ende information: 1) Insamling, bearbetning och anv\u00e4ndning av persondata I princip kan du [&hellip;]<\/p>\n","protected":false},"author":2,"featured_media":0,"parent":0,"menu_order":0,"comment_status":"closed","ping_status":"closed","template":"","meta":{"footnotes":""},"class_list":["post-157","page","type-page","status-publish","hentry"],"_links":{"self":[{"href":"https:\/\/langhard.net\/index.php?rest_route=\/wp\/v2\/pages\/157","targetHints":{"allow":["GET"]}}],"collection":[{"href":"https:\/\/langhard.net\/index.php?rest_route=\/wp\/v2\/pages"}],"about":[{"href":"https:\/\/langhard.net\/index.php?rest_route=\/wp\/v2\/types\/page"}],"author":[{"embeddable":true,"href":"https:\/\/langhard.net\/index.php?rest_route=\/wp\/v2\/users\/2"}],"replies":[{"embeddable":true,"href":"https:\/\/langhard.net\/index.php?rest_route=%2Fwp%2Fv2%2Fcomments&post=157"}],"version-history":[{"count":0,"href":"https:\/\/langhard.net\/index.php?rest_route=\/wp\/v2\/pages\/157\/revisions"}],"wp:attachment":[{"href":"https:\/\/langhard.net\/index.php?rest_route=%2Fwp%2Fv2%2Fmedia&parent=157"}],"curies":[{"name":"wp","href":"https:\/\/api.w.org\/{rel}","templated":true}]}}